{"id":825,"date":"2025-11-21T04:25:22","date_gmt":"2025-11-21T04:25:22","guid":{"rendered":"http:\/\/www.pantosparis.com\/?post_type=product&#038;p=825"},"modified":"2025-11-21T09:14:30","modified_gmt":"2025-11-21T14:14:30","slug":"pantos-bold-1110a-black-blue-glacier","status":"publish","type":"product","link":"https:\/\/www.pantosparis.com\/fr\/produit\/pantos-bold-1110a-black-blue-glacier\/","title":{"rendered":"Pantos Bold 1110A - Noir \"Blue Glacier\" (Glacier bleu)"},"content":{"rendered":"<p class=\"has-text-align-left\"><span style=\"color: #000000;\"><strong>LIVRAISON GRATUITE DANS LE MONDE ENTIER<\/strong><\/span><\/p>\n<p><span style=\"color: #000000;\"><\/p>\n<p><\/span><\/p>\n<p><span style=\"color: #000000;\">- France : 2\/3 jours<\/span><br \/><span style=\"color: #000000;\">- Europe : 3\/5 jours<\/span><br \/><span style=\"color: #000000;\">- \u00c9tats-Unis et hors Europe : 5\/9 jours<\/span><\/p>\n<p><span style=\"color: #000000;\"><\/p>\n<p><\/span><\/p>\n<p><span style=\"color: #000000;\"><strong>RETOUR GRATUIT<\/strong> pour la France, le Royaume-Uni et 15 autres pays. <a rel=\"nofollow\" style=\"color: #000000;\" data-href=\"\/delivery-return\/\">(Plus de d\u00e9tails ici)<\/a><\/span><br \/><span style=\"color: #000000;\">Autres pays : Les frais de retour sont \u00e0 la charge du client.<\/span><\/p>\n<p><span style=\"color: #000000;\"><\/p>\n<p><\/span><\/p>\n<p><span style=\"color: #000000;\"><strong>DIMENSIONS<\/strong><\/span><\/p>\n<p><span style=\"color: #000000;\">Largeur de l'objectif : 47 mm<\/span><br \/><span style=\"color: #000000;\">Largeur du cadre : 143 mm<\/span><br \/><span style=\"color: #000000;\">Hauteur du cadre : 50 mm<\/span><br \/><span style=\"color: #000000;\">Pont : 22mm<\/span><br \/><span style=\"color: #000000;\">Longueur des branches : 145mm<\/span><\/p>","protected":false},"excerpt":{"rendered":"R\u00e9f. 1110A\n \n\"La version audacieuse de nos Pantos\n \n- Mod\u00e8le Unisexe- Fabriqu\u00e9 \u00e0 la main en France...","protected":false},"featured_media":826,"comment_status":"open","ping_status":"closed","template":"","meta":{"_acf_changed":false},"product_brand":[],"product_cat":[52],"product_tag":[],"class_list":{"0":"post-825","1":"product","2":"type-product","3":"status-publish","4":"has-post-thumbnail","6":"product_cat-bold-sun","8":"first","9":"instock","10":"featured","11":"shipping-taxable","12":"purchasable","13":"product-type-simple"},"acf":[],"_links":{"self":[{"href":"https:\/\/www.pantosparis.com\/fr\/wp-json\/wp\/v2\/product\/825","targetHints":{"allow":["GET"]}}],"collection":[{"href":"https:\/\/www.pantosparis.com\/fr\/wp-json\/wp\/v2\/product"}],"about":[{"href":"https:\/\/www.pantosparis.com\/fr\/wp-json\/wp\/v2\/types\/product"}],"replies":[{"embeddable":true,"href":"https:\/\/www.pantosparis.com\/fr\/wp-json\/wp\/v2\/comments?post=825"}],"wp:featuredmedia":[{"embeddable":true,"href":"https:\/\/www.pantosparis.com\/fr\/wp-json\/wp\/v2\/media\/826"}],"wp:attachment":[{"href":"https:\/\/www.pantosparis.com\/fr\/wp-json\/wp\/v2\/media?parent=825"}],"wp:term":[{"taxonomy":"product_brand","embeddable":true,"href":"https:\/\/www.pantosparis.com\/fr\/wp-json\/wp\/v2\/product_brand?post=825"},{"taxonomy":"product_cat","embeddable":true,"href":"https:\/\/www.pantosparis.com\/fr\/wp-json\/wp\/v2\/product_cat?post=825"},{"taxonomy":"product_tag","embeddable":true,"href":"https:\/\/www.pantosparis.com\/fr\/wp-json\/wp\/v2\/product_tag?post=825"}],"curies":[{"name":"wp","href":"https:\/\/api.w.org\/{rel}","templated":true}]}}