{"id":979,"date":"2025-11-21T04:58:00","date_gmt":"2025-11-21T04:58:00","guid":{"rendered":"http:\/\/www.pantosparis.com\/?post_type=product&#038;p=979"},"modified":"2025-11-21T09:16:01","modified_gmt":"2025-11-21T14:16:01","slug":"pantos-optical-bold-3115a-crystal-mustard","status":"publish","type":"product","link":"https:\/\/www.pantosparis.com\/de\/produkt\/pantos-optical-bold-3115a-crystal-mustard\/","title":{"rendered":"Pantos Optical Bold 3115A - Kristall-Senf"},"content":{"rendered":"<p><span style=\"color: #000000;\"><strong>KOSTENLOSER VERSAND WELTWEIT<\/strong><\/span><\/p>\n<p><span style=\"color: #000000;\">- Frankreich: 2\/3 Tage<\/span><br \/>\n<span style=\"color: #000000;\">(Schnelle Lieferung per Kurier in Paris auf Anfrage)<\/span><br \/>\n<span style=\"color: #000000;\">- Europa: 3\/5 Tage<\/span><br \/>\n<span style=\"color: #000000;\">- USA und au\u00dferhalb Europas: 5\/9 Tage<\/span><\/p>\n<p><span style=\"color: #000000;\"><strong>KOSTENLOSE R\u00dcCKGABE<\/strong> f\u00fcr Frankreich, das Vereinigte K\u00f6nigreich und 15 weitere L\u00e4nder. <a rel=\"nofollow\" style=\"color: #000000;\" data-href=\"\/delivery-return\/\">(Weitere Einzelheiten hier)<\/a><\/span><br \/>\n<span style=\"color: #000000;\">Andere L\u00e4nder: Die R\u00fccksendekosten gehen zu Lasten des Kunden.<\/span><\/p>\n<p><span style=\"color: #000000;\"><strong>ABMESSUNGEN<\/strong><\/span><\/p>\n<p><span style=\"color: #000000;\">Breite der Linse: 47 mm<\/span><br \/>\n<span style=\"color: #000000;\">Rahmenbreite: 143mm<\/span><br \/>\n<span style=\"color: #000000;\">Rahmenh\u00f6he: 50mm<\/span><br \/>\n<span style=\"color: #000000;\">Br\u00fccke: 22mm<\/span><br \/>\n<span style=\"color: #000000;\">B\u00fcgell\u00e4nge: 145mm<\/span><\/p>","protected":false},"excerpt":{"rendered":"Ref. 3115A\n&#8220;The bold version of our Pantos&#8221;\n\u2022 Model Unisex\n\u2022 Handcrafted in France (0110...","protected":false},"featured_media":980,"comment_status":"open","ping_status":"closed","template":"","meta":{"_acf_changed":false},"product_brand":[],"product_cat":[61],"product_tag":[],"class_list":{"0":"post-979","1":"product","2":"type-product","3":"status-publish","4":"has-post-thumbnail","6":"product_cat-bold-optical","8":"first","9":"instock","10":"featured","11":"shipping-taxable","12":"purchasable","13":"product-type-simple"},"acf":[],"_links":{"self":[{"href":"https:\/\/www.pantosparis.com\/de\/wp-json\/wp\/v2\/product\/979","targetHints":{"allow":["GET"]}}],"collection":[{"href":"https:\/\/www.pantosparis.com\/de\/wp-json\/wp\/v2\/product"}],"about":[{"href":"https:\/\/www.pantosparis.com\/de\/wp-json\/wp\/v2\/types\/product"}],"replies":[{"embeddable":true,"href":"https:\/\/www.pantosparis.com\/de\/wp-json\/wp\/v2\/comments?post=979"}],"wp:featuredmedia":[{"embeddable":true,"href":"https:\/\/www.pantosparis.com\/de\/wp-json\/wp\/v2\/media\/980"}],"wp:attachment":[{"href":"https:\/\/www.pantosparis.com\/de\/wp-json\/wp\/v2\/media?parent=979"}],"wp:term":[{"taxonomy":"product_brand","embeddable":true,"href":"https:\/\/www.pantosparis.com\/de\/wp-json\/wp\/v2\/product_brand?post=979"},{"taxonomy":"product_cat","embeddable":true,"href":"https:\/\/www.pantosparis.com\/de\/wp-json\/wp\/v2\/product_cat?post=979"},{"taxonomy":"product_tag","embeddable":true,"href":"https:\/\/www.pantosparis.com\/de\/wp-json\/wp\/v2\/product_tag?post=979"}],"curies":[{"name":"wp","href":"https:\/\/api.w.org\/{rel}","templated":true}]}}