{"id":945,"date":"2025-11-21T04:52:50","date_gmt":"2025-11-21T04:52:50","guid":{"rendered":"http:\/\/www.pantosparis.com\/?post_type=product&#038;p=945"},"modified":"2025-11-21T09:06:54","modified_gmt":"2025-11-21T14:06:54","slug":"clip-antique-gold-polarized","status":"publish","type":"product","link":"https:\/\/www.pantosparis.com\/de\/produkt\/clip-antique-gold-polarized\/","title":{"rendered":"Clip Antik Gold Polarisiert"},"content":{"rendered":"<p><span style=\"color: \/000000;\"><strong>KOSTENLOSER VERSAND WELTWEIT<\/strong><\/span><\/p>\n<p><span style=\"color: \/333333;\">- Frankreich: 2\/3 Tage<\/span><br \/>\n<span style=\"color: \/333333;\">- Europa: 3\/5 Tage<\/span><br \/>\n<span style=\"color: \/333333;\">- USA und au\u00dferhalb Europas: 5\/9 Tage<\/span><\/p>\n<p><span style=\"color: \/333333;\"><span style=\"color: \/000000;\"><strong>KOSTENLOSE R\u00dcCKGABE<\/strong><\/span> f\u00fcr Frankreich, das Vereinigte K\u00f6nigreich und 15 weitere L\u00e4nder. <a rel=\"nofollow\" style=\"color: \/333333;\" data-href=\"\/delivery-return\/\">(Weitere Einzelheiten hier)<\/a><\/span><br \/>\n<span style=\"color: \/333333;\">Andere L\u00e4nder: Die R\u00fccksendekosten gehen zu Lasten des Kunden.<\/span><\/p>","protected":false},"excerpt":{"rendered":"Buyers located outside of European Countries:\nFrench tax (20% VAT) is not payable and therefore dedu...","protected":false},"featured_media":946,"comment_status":"open","ping_status":"closed","template":"","meta":{"_acf_changed":false},"product_brand":[],"product_cat":[17],"product_tag":[],"class_list":{"0":"post-945","1":"product","2":"type-product","3":"status-publish","4":"has-post-thumbnail","6":"product_cat-clip-regular","8":"first","9":"instock","10":"shipping-taxable","11":"purchasable","12":"product-type-simple"},"acf":[],"_links":{"self":[{"href":"https:\/\/www.pantosparis.com\/de\/wp-json\/wp\/v2\/product\/945","targetHints":{"allow":["GET"]}}],"collection":[{"href":"https:\/\/www.pantosparis.com\/de\/wp-json\/wp\/v2\/product"}],"about":[{"href":"https:\/\/www.pantosparis.com\/de\/wp-json\/wp\/v2\/types\/product"}],"replies":[{"embeddable":true,"href":"https:\/\/www.pantosparis.com\/de\/wp-json\/wp\/v2\/comments?post=945"}],"wp:featuredmedia":[{"embeddable":true,"href":"https:\/\/www.pantosparis.com\/de\/wp-json\/wp\/v2\/media\/946"}],"wp:attachment":[{"href":"https:\/\/www.pantosparis.com\/de\/wp-json\/wp\/v2\/media?parent=945"}],"wp:term":[{"taxonomy":"product_brand","embeddable":true,"href":"https:\/\/www.pantosparis.com\/de\/wp-json\/wp\/v2\/product_brand?post=945"},{"taxonomy":"product_cat","embeddable":true,"href":"https:\/\/www.pantosparis.com\/de\/wp-json\/wp\/v2\/product_cat?post=945"},{"taxonomy":"product_tag","embeddable":true,"href":"https:\/\/www.pantosparis.com\/de\/wp-json\/wp\/v2\/product_tag?post=945"}],"curies":[{"name":"wp","href":"https:\/\/api.w.org\/{rel}","templated":true}]}}