{"id":943,"date":"2025-11-21T04:51:54","date_gmt":"2025-11-21T04:51:54","guid":{"rendered":"http:\/\/www.pantosparis.com\/?post_type=product&#038;p=943"},"modified":"2025-11-21T09:06:59","modified_gmt":"2025-11-21T14:06:59","slug":"pantos-box-made-in-france","status":"publish","type":"product","link":"https:\/\/www.pantosparis.com\/de\/produkt\/pantos-box-made-in-france\/","title":{"rendered":"Pantos Box - Hergestellt in Frankreich"},"content":{"rendered":"<p><span style=\"color: #000000;\"><strong>KOSTENLOSER VERSAND WELTWEIT<\/strong><\/span><\/p>\n<p><span style=\"color: #333333;\">- Frankreich: 2\/3 Tage<\/span><br \/>\n<span style=\"color: #333333;\">- Europa: 3\/5 Tage<\/span><br \/>\n<span style=\"color: #333333;\">- USA und au\u00dferhalb Europas: 5\/9 Tage<\/span><\/p>\n<p><span style=\"color: #333333;\"><span style=\"color: #000000;\"><strong>KOSTENLOSE R\u00dcCKGABE<\/strong><\/span> f\u00fcr Frankreich, das Vereinigte K\u00f6nigreich und 15 weitere L\u00e4nder. <a rel=\"nofollow\" style=\"color: #333333;\" data-href=\"\/delivery-return\/\">(Weitere Einzelheiten hier)<\/a><\/span><br \/>\n<span style=\"color: #333333;\">Andere L\u00e4nder: Die R\u00fccksendekosten gehen zu Lasten des Kunden.<\/span><\/p>\n<hr>\n<p><span style=\"text-decoration: underline;\">Abmessungen<\/span>:<br \/>\nSchachtel: 164mm x 240mm (H: 43mm)<br \/>\nInnenfach: 152mm x 50mm (H: 33mm)<\/p>","protected":false},"excerpt":{"rendered":"\u2022 Box with 4 compartments\n\u2022 Made in France (39200 Saint-Claude)\n\u2022 Green Synthetic leather &amp; Crea...","protected":false},"featured_media":944,"comment_status":"open","ping_status":"closed","template":"","meta":{"_acf_changed":false},"product_brand":[],"product_cat":[25],"product_tag":[],"class_list":{"0":"post-943","1":"product","2":"type-product","3":"status-publish","4":"has-post-thumbnail","6":"product_cat-pantos-box","8":"first","9":"instock","10":"shipping-taxable","11":"purchasable","12":"product-type-simple"},"acf":[],"_links":{"self":[{"href":"https:\/\/www.pantosparis.com\/de\/wp-json\/wp\/v2\/product\/943","targetHints":{"allow":["GET"]}}],"collection":[{"href":"https:\/\/www.pantosparis.com\/de\/wp-json\/wp\/v2\/product"}],"about":[{"href":"https:\/\/www.pantosparis.com\/de\/wp-json\/wp\/v2\/types\/product"}],"replies":[{"embeddable":true,"href":"https:\/\/www.pantosparis.com\/de\/wp-json\/wp\/v2\/comments?post=943"}],"wp:featuredmedia":[{"embeddable":true,"href":"https:\/\/www.pantosparis.com\/de\/wp-json\/wp\/v2\/media\/944"}],"wp:attachment":[{"href":"https:\/\/www.pantosparis.com\/de\/wp-json\/wp\/v2\/media?parent=943"}],"wp:term":[{"taxonomy":"product_brand","embeddable":true,"href":"https:\/\/www.pantosparis.com\/de\/wp-json\/wp\/v2\/product_brand?post=943"},{"taxonomy":"product_cat","embeddable":true,"href":"https:\/\/www.pantosparis.com\/de\/wp-json\/wp\/v2\/product_cat?post=943"},{"taxonomy":"product_tag","embeddable":true,"href":"https:\/\/www.pantosparis.com\/de\/wp-json\/wp\/v2\/product_tag?post=943"}],"curies":[{"name":"wp","href":"https:\/\/api.w.org\/{rel}","templated":true}]}}