{"id":1061,"date":"2025-11-21T05:08:58","date_gmt":"2025-11-21T05:08:58","guid":{"rendered":"http:\/\/www.pantosparis.com\/?post_type=product&#038;p=1061"},"modified":"2025-11-21T09:15:31","modified_gmt":"2025-11-21T14:15:31","slug":"pantos-1110m-black-mat-brushed-optical","status":"publish","type":"product","link":"https:\/\/www.pantosparis.com\/de\/produkt\/pantos-1110m-black-mat-brushed-optical\/","title":{"rendered":"Pantos 1110M - Schwarz matt geb\u00fcrstet \"Optisch\""},"content":{"rendered":"<p><span style=\"color: #000000;\"><strong>KOSTENLOSER VERSAND WELTWEIT<\/strong><\/span><\/p>\n<p><span style=\"color: #000000;\">- Frankreich: 2\/3 Tage<\/span><br \/>\n<span style=\"color: #000000;\">- Europa: 3\/5 Tage<\/span><br \/>\n<span style=\"color: #000000;\">- USA und au\u00dferhalb Europas: 5\/9 Tage<\/span><\/p>\n<p><span style=\"color: #000000;\"><strong>KOSTENLOSE R\u00dcCKGABE<\/strong> f\u00fcr Frankreich, das Vereinigte K\u00f6nigreich und 15 weitere L\u00e4nder. <a rel=\"nofollow\" style=\"color: #000000;\" data-href=\"\/delivery-return\/\">(Weitere Einzelheiten hier)<br \/>\n<\/a>Andere L\u00e4nder: R\u00fccksendungsgeb\u00fchr an die Res<span style=\"font-size: 0.9rem;\">Verantwortung des Kunden.<\/span><\/span><\/p>\n<p><img loading=\"lazy\" decoding=\"async\" class=\"wp-image-10435\" title=\"\" src=\"\/wp-content\/uploads\/2021\/05\/Size-Guide-OPT-2022.jpg\" alt=\"\" width=\"600\" height=\"600\" srcset=\"\/wp-content\/uploads\/2021\/05\/Size-Guide-OPT-2022.jpg 2200w, \/wp-content\/uploads\/2021\/05\/Size-Guide-OPT-2022-2000x2000.jpg 2000w, \/wp-content\/uploads\/2021\/05\/Size-Guide-OPT-2022-100x100.jpg 100w, \/wp-content\/uploads\/2021\/05\/Size-Guide-OPT-2022-600x600.jpg 600w, \/wp-content\/uploads\/2021\/05\/Size-Guide-OPT-2022-1024x1024.jpg 1024w, \/wp-content\/uploads\/2021\/05\/Size-Guide-OPT-2022-768x768.jpg 768w, \/wp-content\/uploads\/2021\/05\/Size-Guide-OPT-2022-1536x1536.jpg 1536w, \/wp-content\/uploads\/2021\/05\/Size-Guide-OPT-2022-2048x2048.jpg 2048w, \/wp-content\/uploads\/2021\/05\/Size-Guide-OPT-2022-300x300.jpg 300w, \/wp-content\/uploads\/2021\/05\/Size-Guide-OPT-2022-150x150.jpg 150w\" sizes=\"auto, (max-width: 600px) 100vw, 600px\"><\/p>","protected":false},"excerpt":{"rendered":"Ref. 1110M\n- Modell Unisex\n- Handgefertigt in Frankreich (01100 Oyonnax)\n- Zellulose Acetat 8mm Hergestellt in It...","protected":false},"featured_media":1062,"comment_status":"open","ping_status":"closed","template":"","meta":{"_acf_changed":false},"product_brand":[],"product_cat":[60],"product_tag":[],"class_list":{"0":"post-1061","1":"product","2":"type-product","3":"status-publish","4":"has-post-thumbnail","6":"product_cat-regular-optical","8":"first","9":"instock","10":"featured","11":"shipping-taxable","12":"purchasable","13":"product-type-simple"},"acf":[],"_links":{"self":[{"href":"https:\/\/www.pantosparis.com\/de\/wp-json\/wp\/v2\/product\/1061","targetHints":{"allow":["GET"]}}],"collection":[{"href":"https:\/\/www.pantosparis.com\/de\/wp-json\/wp\/v2\/product"}],"about":[{"href":"https:\/\/www.pantosparis.com\/de\/wp-json\/wp\/v2\/types\/product"}],"replies":[{"embeddable":true,"href":"https:\/\/www.pantosparis.com\/de\/wp-json\/wp\/v2\/comments?post=1061"}],"wp:featuredmedia":[{"embeddable":true,"href":"https:\/\/www.pantosparis.com\/de\/wp-json\/wp\/v2\/media\/1062"}],"wp:attachment":[{"href":"https:\/\/www.pantosparis.com\/de\/wp-json\/wp\/v2\/media?parent=1061"}],"wp:term":[{"taxonomy":"product_brand","embeddable":true,"href":"https:\/\/www.pantosparis.com\/de\/wp-json\/wp\/v2\/product_brand?post=1061"},{"taxonomy":"product_cat","embeddable":true,"href":"https:\/\/www.pantosparis.com\/de\/wp-json\/wp\/v2\/product_cat?post=1061"},{"taxonomy":"product_tag","embeddable":true,"href":"https:\/\/www.pantosparis.com\/de\/wp-json\/wp\/v2\/product_tag?post=1061"}],"curies":[{"name":"wp","href":"https:\/\/api.w.org\/{rel}","templated":true}]}}